{"id":2969,"date":"2024-05-26T12:02:29","date_gmt":"2024-05-26T10:02:29","guid":{"rendered":"https:\/\/redmax.com.pl\/?page_id=2969"},"modified":"2024-05-26T12:05:12","modified_gmt":"2024-05-26T10:05:12","slug":"klimatyzacja","status":"publish","type":"page","link":"https:\/\/redmax.com.pl\/?page_id=2969","title":{"rendered":"Klimatyzacja"},"content":{"rendered":"\t\t<div data-elementor-type=\"wp-page\" data-elementor-id=\"2969\" class=\"elementor elementor-2969\">\n\t\t\t\t<div class=\"elementor-element elementor-element-41a665a e-flex e-con-boxed e-con e-parent\" data-id=\"41a665a\" data-element_type=\"container\" data-e-type=\"container\">\n\t\t\t\t\t<div class=\"e-con-inner\">\n\t\t\t\t<div class=\"elementor-element elementor-element-abc06d1 elementor-widget elementor-widget-text-editor\" data-id=\"abc06d1\" data-element_type=\"widget\" data-e-type=\"widget\" data-widget_type=\"text-editor.default\">\n\t\t\t\t<div class=\"elementor-widget-container\">\n\t\t\t\t\t\t\t\t\t<div class=\"flex-col gap-1 md:gap-3\"><div class=\"flex flex-grow flex-col max-w-full\"><div class=\"min-h-[20px] text-message flex flex-col items-start whitespace-pre-wrap break-words [.text-message+&amp;]:mt-5 juice:w-full juice:items-end overflow-x-auto gap-2\" dir=\"auto\" data-message-author-role=\"assistant\" data-message-id=\"c04db0fd-c031-4ef8-a31c-8c00b49fd970\"><div class=\"flex w-full flex-col gap-1 juice:empty:hidden juice:first:pt-[3px]\"><div class=\"markdown prose w-full break-words dark:prose-invert dark\"><p>Klimatyzacja to system reguluj\u0105cy temperatur\u0119, wilgotno\u015b\u0107 i jako\u015b\u0107 powietrza w pomieszczeniach dla zapewnienia komfortu termicznego i zdrowego \u015brodowiska.<\/p><\/div><\/div><\/div><\/div><\/div>\t\t\t\t\t\t\t\t<\/div>\n\t\t\t\t<\/div>\n\t\t\t\t\t<\/div>\n\t\t\t\t<\/div>\n\t\t\t\t<\/div>\n\t\t","protected":false},"excerpt":{"rendered":"<p>Klimatyzacja to system reguluj\u0105cy temperatur\u0119, wilgotno\u015b\u0107 i jako\u015b\u0107 powietrza w pomieszczeniach dla zapewnienia komfortu termicznego i zdrowego \u015brodowiska.<\/p>\n","protected":false},"author":1,"featured_media":1298,"parent":0,"menu_order":0,"comment_status":"closed","ping_status":"closed","template":"","meta":{"footnotes":""},"class_list":["post-2969","page","type-page","status-publish","has-post-thumbnail","hentry"],"_links":{"self":[{"href":"https:\/\/redmax.com.pl\/index.php?rest_route=\/wp\/v2\/pages\/2969","targetHints":{"allow":["GET"]}}],"collection":[{"href":"https:\/\/redmax.com.pl\/index.php?rest_route=\/wp\/v2\/pages"}],"about":[{"href":"https:\/\/redmax.com.pl\/index.php?rest_route=\/wp\/v2\/types\/page"}],"author":[{"embeddable":true,"href":"https:\/\/redmax.com.pl\/index.php?rest_route=\/wp\/v2\/users\/1"}],"replies":[{"embeddable":true,"href":"https:\/\/redmax.com.pl\/index.php?rest_route=%2Fwp%2Fv2%2Fcomments&post=2969"}],"version-history":[{"count":10,"href":"https:\/\/redmax.com.pl\/index.php?rest_route=\/wp\/v2\/pages\/2969\/revisions"}],"predecessor-version":[{"id":2980,"href":"https:\/\/redmax.com.pl\/index.php?rest_route=\/wp\/v2\/pages\/2969\/revisions\/2980"}],"wp:featuredmedia":[{"embeddable":true,"href":"https:\/\/redmax.com.pl\/index.php?rest_route=\/wp\/v2\/media\/1298"}],"wp:attachment":[{"href":"https:\/\/redmax.com.pl\/index.php?rest_route=%2Fwp%2Fv2%2Fmedia&parent=2969"}],"curies":[{"name":"wp","href":"https:\/\/api.w.org\/{rel}","templated":true}]}}